{"id":1640,"date":"2022-05-24T15:50:01","date_gmt":"2022-05-24T13:50:01","guid":{"rendered":"https:\/\/www.edenlodge.net\/sitemada\/lo-spirito-eden-lodge\/la-faune-la-flore\/"},"modified":"2022-07-11T17:59:16","modified_gmt":"2022-07-11T15:59:16","slug":"flora-e-fauna","status":"publish","type":"page","link":"https:\/\/www.edenlodge.net\/it\/lo-spirito-eden-lodge\/flora-e-fauna\/","title":{"rendered":"Flora e fauna"},"content":{"rendered":"<div class=\"wpb-content-wrapper\">[vc_row full_width=&#8221;stretch_row_content_no_spaces&#8221; css=&#8221;.vc_custom_1653922178954{background-position: center !important;background-repeat: no-repeat !important;background-size: cover !important;}&#8221;][vc_column][vc_single_image image=&#8221;741&#8243; img_size=&#8221;full&#8221;][\/vc_column][\/vc_row][vc_row][vc_column][vc_column_text]\n<h1 style=\"text-align: center;\">Flora e fauna<\/h1>\n[\/vc_column_text][vc_empty_space][vc_column_text]\n<h3 style=\"text-align: center;\">Biodiversit\u00e0<\/h3>\n<p style=\"text-align: center;\">Il Madagascar \u00e8 un Paese ricchissimo di diversit\u00e0, con elevati livelli di concentrazione di specie endemiche. Attualmente, l&#8217;ecosistema malgascio costituisce l&#8217;habitat di circa 12.000 specie di piante, 370 specie di rettili, 244 specie di anfibi, 283 specie di uccelli, 154 specie di pesci e 99 specie e sottospecie di lemuri.<\/p>\n[\/vc_column_text][vc_empty_space][\/vc_column][\/vc_row][vc_row gap=&#8221;30&#8243;][vc_column width=&#8221;1\/3&#8243;][vc_single_image image=&#8221;948&#8243; img_size=&#8221;full&#8221; alignment=&#8221;center&#8221;][\/vc_column][vc_column width=&#8221;1\/3&#8243;][vc_single_image image=&#8221;951&#8243; img_size=&#8221;full&#8221; alignment=&#8221;center&#8221;][\/vc_column][vc_column width=&#8221;1\/3&#8243;][vc_single_image image=&#8221;957&#8243; img_size=&#8221;full&#8221; alignment=&#8221;center&#8221;][\/vc_column][\/vc_row][vc_row][vc_column][vc_empty_space][vc_column_text]\n<p style=\"text-align: center;\">Il soggiorno all&#8217;Eden Lodge permette al visitatore di osservare una parte emblematica di questa flora e fauna straordinarie: numerose specie di lemuri selvatici (macaco-macaco), fra cui quelli notturni e crepuscolari (phaner e microcebo di Sambirano), invadono quotidianamente gli alberi da frutto e i baobab del lodge.<br \/>\nI loro giochi di albero in albero e i loro richiami costituiscono il sottofondo delle serate in questo parco restituito ai suoi abitanti di sempre. Riceviamo puntualmente anche la visita di un aye-aye (Daubentoniamadagascariensis), una specie rara e difficile da osservare, ultimo arrivato in questo sito protetto&#8230;<\/p>\n<p style=\"text-align: center;\">Potrete inoltre ammirare i pappagalli neri e vasa, oltre ad altri magnifici uccelli endemici del Madagascar: vanga, cua crestato e drongo. Per non parlare poi dei delfini, o delle balene in fase migratoria, che nuotano a poche decine di metri dalla riva&#8230;<\/p>\n<p style=\"text-align: center;\">All&#8217;Eden Lodge ogni cosa \u00e8 stata pensata per essere inserita armoniosamente in questo ambiente eccezionale, in modo da preservarlo.<\/p>\n[\/vc_column_text][vc_empty_space][\/vc_column][\/vc_row][vc_row gap=&#8221;30&#8243;][vc_column width=&#8221;1\/3&#8243;][vc_single_image image=&#8221;964&#8243; img_size=&#8221;full&#8221; alignment=&#8221;center&#8221;][\/vc_column][vc_column width=&#8221;1\/3&#8243;][vc_single_image image=&#8221;967&#8243; img_size=&#8221;full&#8221; alignment=&#8221;center&#8221;][\/vc_column][vc_column width=&#8221;1\/3&#8243;][vc_single_image image=&#8221;970&#8243; img_size=&#8221;full&#8221; alignment=&#8221;center&#8221;][\/vc_column][\/vc_row][vc_row][vc_column][vc_empty_space][vc_column_text]\n<h1 style=\"text-align: center;\">La tartaruga verde o Chelonia mydas<\/h1>\n<h4 style=\"text-align: center;\">\u00c8 la specie di tartaruga che potrete osservare ogni mattina, quando viene a nutrirsi davanti al vostro lodge.<\/h4>\n[\/vc_column_text][vc_empty_space][\/vc_column][\/vc_row][vc_row gap=&#8221;30&#8243;][vc_column width=&#8221;1\/2&#8243;][vc_single_image image=&#8221;974&#8243; img_size=&#8221;full&#8221; alignment=&#8221;center&#8221;][\/vc_column][vc_column width=&#8221;1\/2&#8243;][vc_single_image image=&#8221;977&#8243; img_size=&#8221;full&#8221; alignment=&#8221;center&#8221;][\/vc_column][\/vc_row][vc_row][vc_column][vc_empty_space][vc_column_text]\n<p style=\"text-align: center;\">Questa tartaruga marina \u00e8 la pi\u00f9 grande fra le Cheloniidae. Il carapace misura in media 110 cm e l&#8217;animale ha un peso compreso fra 80 e 130 kg. Alcuni esemplari possono raggiungere un peso di 300 kg, con una lunghezza del carapace pari a 1,5 m. Si tratta della tartaruga marina pi\u00f9 veloce: \u00e8 infatti in grado di raggiungere una velocit\u00e0 di circa 35 km\/h.<\/p>\n<p style=\"text-align: center;\">La dieta erbivora distingue questa specie in pericolo di estinzione dalle altre tartarughe marine.<\/p>\n<p style=\"text-align: center;\">Quando raggiunge la maturit\u00e0 sessuale, la femmina torna a deporre le uova sulla spiaggia (o sul settore) in cui \u00e8 nata, ogni 3-6 anni, dopodich\u00e9 fa ritorno all&#8217;oceano. L&#8217;accoppiamento avviene nei pressi delle spiagge e le femmine depongono le uova fino a sei volte, in circa un mese e mezzo di tempo. La femmina inizia ad accertarsi che la spiaggia sia sicura fin dalla riva. Questa non dovr\u00e0 ospitare troppa vegetazione, essere troppo grande o troppo stretta.<\/p>\n<p style=\"text-align: center;\">La femmina depone un centinaio di uova (da 20 a 250) molli, grandi quanto una pallina da golf. Dopo aver deposto per circa venti minuti, ricopre immediatamente la buca. Successivamente, si sposta di circa tre metri in qualsiasi direzione e getta della sabbia dietro di s\u00e9, in modo che sia impossibile capire dove ha deposto le uova. Le buche rimanenti sulla spiaggia servono per ingannare i predatori. Circa un&#8217;ora e mezza dopo aver deposto le uova, la tartaruga torna in mare. La durata dell&#8217;incubazione delle uova va da 45 a 70 giorni, a seconda della temperatura.<\/p>\n<p style=\"text-align: center;\"><strong>Magari avrete la possibilit\u00e0 di assistere a una deposizione o schiusa delle uova durante il vostro soggiorno; si tratta di un momento indimenticabile !<\/strong><\/p>\n[\/vc_column_text][vc_empty_space][\/vc_column][\/vc_row][vc_row gap=&#8221;30&#8243;][vc_column width=&#8221;1\/2&#8243;][vc_single_image image=&#8221;982&#8243; img_size=&#8221;full&#8221; alignment=&#8221;center&#8221;][\/vc_column][vc_column width=&#8221;1\/2&#8243;][vc_single_image image=&#8221;985&#8243; img_size=&#8221;full&#8221; alignment=&#8221;center&#8221;][\/vc_column][\/vc_row][vc_row full_width=&#8221;stretch_row_content_no_spaces&#8221; css=&#8221;.vc_custom_1657125769788{background-position: center !important;background-repeat: no-repeat !important;background-size: cover !important;}&#8221;][vc_column][vc_empty_space height=&#8221;52px&#8221;][vc_separator border_width=&#8221;2&#8243;][vc_empty_space height=&#8221;40px&#8221;][vc_column_text]\n<h1 style=\"text-align: center;\">Lo spirito Eden Lodge<\/h1>\n[\/vc_column_text][vc_empty_space height=&#8221;10px&#8221;][\/vc_column][\/vc_row][vc_row][vc_column width=&#8221;1\/2&#8243;][vc_column_text]\n<h2 style=\"text-align: center;\"><a href=\"https:\/\/www.edenlodge.net\/it\/lo-spirito-eden-lodge\/turismo-sostenibile\/\">Turismo sostenibile<\/a><\/h2>\n[\/vc_column_text][vc_empty_space height=&#8221;20px&#8221;][vc_single_image image=&#8221;1188&#8243; img_size=&#8221;full&#8221; alignment=&#8221;center&#8221; onclick=&#8221;custom_link&#8221; link=&#8221;https:\/\/www.edenlodge.net\/it\/lo-spirito-eden-lodge\/turismo-sostenibile\/&#8221;][\/vc_column][vc_column width=&#8221;1\/2&#8243;][vc_column_text]\n<h2 style=\"text-align: center;\">Flora e fauna<\/h2>\n[\/vc_column_text][vc_empty_space height=&#8221;20px&#8221;][vc_single_image image=&#8221;1191&#8243; img_size=&#8221;full&#8221; alignment=&#8221;center&#8221;][\/vc_column][\/vc_row]\n<\/div>","protected":false},"excerpt":{"rendered":"<p>[vc_row full_width=&#8221;stretch_row_content_no_spaces&#8221; css=&#8221;.vc_custom_1653922178954{background-position: center !important;background-repeat: no-repeat !important;background-size: cover !important;}&#8221;][vc_column][vc_single_image image=&#8221;741&#8243; img_size=&#8221;full&#8221;][\/vc_column][\/vc_row][vc_row][vc_column][vc_column_text] Flora e fauna [\/vc_column_text][vc_empty_space][vc_column_text] Biodiversit\u00e0 Il Madagascar \u00e8 un Paese ricchissimo di diversit\u00e0, con elevati livelli di concentrazione di specie endemiche. Attualmente, l&#8217;ecosistema malgascio costituisce l&#8217;habitat di circa 12.000 specie di piante, 370 specie di rettili, 244 specie di anfibi, 283 specie di uccelli, 154 specie di pesci e [&hellip;]<\/p>\n","protected":false},"author":1,"featured_media":0,"parent":1481,"menu_order":10,"comment_status":"closed","ping_status":"closed","template":"","meta":{"footnotes":""},"class_list":["post-1640","page","type-page","status-publish","hentry"],"aioseo_notices":[],"_links":{"self":[{"href":"https:\/\/www.edenlodge.net\/it\/wp-json\/wp\/v2\/pages\/1640","targetHints":{"allow":["GET"]}}],"collection":[{"href":"https:\/\/www.edenlodge.net\/it\/wp-json\/wp\/v2\/pages"}],"about":[{"href":"https:\/\/www.edenlodge.net\/it\/wp-json\/wp\/v2\/types\/page"}],"author":[{"embeddable":true,"href":"https:\/\/www.edenlodge.net\/it\/wp-json\/wp\/v2\/users\/1"}],"replies":[{"embeddable":true,"href":"https:\/\/www.edenlodge.net\/it\/wp-json\/wp\/v2\/comments?post=1640"}],"version-history":[{"count":5,"href":"https:\/\/www.edenlodge.net\/it\/wp-json\/wp\/v2\/pages\/1640\/revisions"}],"predecessor-version":[{"id":1684,"href":"https:\/\/www.edenlodge.net\/it\/wp-json\/wp\/v2\/pages\/1640\/revisions\/1684"}],"up":[{"embeddable":true,"href":"https:\/\/www.edenlodge.net\/it\/wp-json\/wp\/v2\/pages\/1481"}],"wp:attachment":[{"href":"https:\/\/www.edenlodge.net\/it\/wp-json\/wp\/v2\/media?parent=1640"}],"curies":[{"name":"wp","href":"https:\/\/api.w.org\/{rel}","templated":true}]}}