{"id":1623,"date":"2022-05-24T15:45:54","date_gmt":"2022-05-24T13:45:54","guid":{"rendered":"https:\/\/www.edenlodge.net\/sitemada\/le-attivita\/la-plongee\/"},"modified":"2022-07-11T18:20:21","modified_gmt":"2022-07-11T16:20:21","slug":"immersioni","status":"publish","type":"page","link":"https:\/\/www.edenlodge.net\/it\/le-attivita\/immersioni\/","title":{"rendered":"Immersioni"},"content":{"rendered":"<div class=\"wpb-content-wrapper\">[vc_row full_width=&#8221;stretch_row_content_no_spaces&#8221; css=&#8221;.vc_custom_1653991611263{background-position: center !important;background-repeat: no-repeat !important;background-size: cover !important;}&#8221;][vc_column][vc_single_image image=&#8221;1155&#8243; img_size=&#8221;full&#8221;][\/vc_column][\/vc_row][vc_row][vc_column][vc_column_text]\n<h1 style=\"text-align: center;\">Immersioni<\/h1>\n[\/vc_column_text][vc_empty_space][vc_column_text]\n<p style=\"text-align: center;\"><strong>Balene, delfini, tartarughe e fondali marini&#8230;<\/strong><\/p>\n<p style=\"text-align: center;\">I fondali marini antistanti l&#8217;Eden Lodge offrono una ricchezza eccezionale che pu\u00f2 essere ammirata anche solo con una maschera e un boccaglio.<\/p>\n<p style=\"text-align: center;\">Spesso basta osservare a occhio nudo per restare meravigliati: la zona intorno all&#8217;Eden Lodge \u00e8 un&#8217;area di passaggio durante la migrazione delle balene, ad agosto e settembre, epoca in cui \u00e8 possibile avvistarle di frequente. I delfini sono presenti tutto l&#8217;anno, cos\u00ec come le tartarughe che vengono a &#8220;fare colazione&#8221; tutte le mattine sui coralli proprio davanti ai lodge.<\/p>\n<p style=\"text-align: center;\">Possiamo accompagnare tutti gli appassionati di immersioni presso i migliori siti di immersione dell&#8217;arcipelago di Nosy Be, dove sarete raggiunti da un istruttore PADI che vi porter\u00e0 il materiale necessario per farvi scoprire le meraviglie dei fondali sottomarini di questa regione.<\/p>\n<p style=\"text-align: center;\">Lontani dalle &#8220;fabbriche per immersioni&#8221;, le vostre escursioni sottomarine saranno personalizzate e organizzate &#8220;su misura&#8221; per qualsiasi livello, dai principianti fino ai provetti sub.<\/p>\n[\/vc_column_text][\/vc_column][\/vc_row][vc_row][vc_column][vc_empty_space][\/vc_column][\/vc_row][vc_row full_width=&#8221;stretch_row_content_no_spaces&#8221; css=&#8221;.vc_custom_1653991611263{background-position: center !important;background-repeat: no-repeat !important;background-size: cover !important;}&#8221;][vc_column][vc_single_image image=&#8221;1158&#8243; img_size=&#8221;full&#8221;][\/vc_column][\/vc_row][vc_row gap=&#8221;20&#8243;][vc_column width=&#8221;1\/3&#8243;][vc_single_image image=&#8221;1162&#8243; img_size=&#8221;full&#8221; alignment=&#8221;center&#8221;][\/vc_column][vc_column width=&#8221;1\/3&#8243;][vc_single_image image=&#8221;894&#8243; img_size=&#8221;full&#8221; alignment=&#8221;center&#8221;][\/vc_column][vc_column width=&#8221;1\/3&#8243;][vc_single_image image=&#8221;897&#8243; img_size=&#8221;full&#8221; alignment=&#8221;center&#8221;][\/vc_column][\/vc_row][vc_row gap=&#8221;20&#8243;][vc_column width=&#8221;1\/3&#8243;][vc_single_image image=&#8221;1166&#8243; img_size=&#8221;full&#8221; alignment=&#8221;center&#8221;][\/vc_column][vc_column width=&#8221;1\/3&#8243;][vc_single_image image=&#8221;1169&#8243; img_size=&#8221;full&#8221; alignment=&#8221;center&#8221;][\/vc_column][vc_column width=&#8221;1\/3&#8243;][vc_single_image image=&#8221;1172&#8243; img_size=&#8221;full&#8221; alignment=&#8221;center&#8221;][\/vc_column][\/vc_row][vc_row full_width=&#8221;stretch_row_content_no_spaces&#8221; css=&#8221;.vc_custom_1653991611263{background-position: center !important;background-repeat: no-repeat !important;background-size: cover !important;}&#8221;][vc_column][vc_empty_space][vc_single_image image=&#8221;1177&#8243; img_size=&#8221;full&#8221;][\/vc_column][\/vc_row][vc_row full_width=&#8221;stretch_row_content_no_spaces&#8221;][vc_column][vc_empty_space height=&#8221;52px&#8221;][vc_separator border_width=&#8221;2&#8243;][vc_empty_space height=&#8221;40px&#8221;][vc_column_text]\n<h1 style=\"text-align: center;\">Attivit\u00e0<\/h1>\n[\/vc_column_text][vc_empty_space height=&#8221;10px&#8221;][\/vc_column][\/vc_row][vc_row gap=&#8221;30&#8243;][vc_column width=&#8221;1\/3&#8243;][vc_column_text]\n<h2 style=\"text-align: center;\"><a title=\"Baobab Beach\" href=\"https:\/\/www.edenlodge.net\/it\/le-attivita\/baobab-beach\/\">Baobab Beach<\/a><\/h2>\n[\/vc_column_text][vc_empty_space height=&#8221;20px&#8221;][vc_single_image image=&#8221;810&#8243; img_size=&#8221;full&#8221; alignment=&#8221;center&#8221; onclick=&#8221;custom_link&#8221; link=&#8221;https:\/\/www.edenlodge.net\/it\/le-attivita\/baobab-beach\/&#8221;][\/vc_column][vc_column width=&#8221;1\/3&#8243;][vc_column_text]\n<h2 style=\"text-align: center;\"><a title=\"La Ristorazione\" href=\"https:\/\/www.edenlodge.net\/it\/le-attivita\/la-ristorazione\/\">La Ristorazione<\/a><\/h2>\n[\/vc_column_text][vc_empty_space height=&#8221;20px&#8221;][vc_single_image image=&#8221;821&#8243; img_size=&#8221;full&#8221; alignment=&#8221;center&#8221; onclick=&#8221;custom_link&#8221; link=&#8221;https:\/\/www.edenlodge.net\/it\/le-attivita\/la-ristorazione\/&#8221;][\/vc_column][vc_column width=&#8221;1\/3&#8243;][vc_column_text]\n<h2 style=\"text-align: center;\">Immersioni<\/h2>\n[\/vc_column_text][vc_empty_space height=&#8221;20px&#8221;][vc_single_image image=&#8221;825&#8243; img_size=&#8221;full&#8221; alignment=&#8221;center&#8221;][\/vc_column][\/vc_row]\n<\/div>","protected":false},"excerpt":{"rendered":"<p>[vc_row full_width=&#8221;stretch_row_content_no_spaces&#8221; css=&#8221;.vc_custom_1653991611263{background-position: center !important;background-repeat: no-repeat !important;background-size: cover !important;}&#8221;][vc_column][vc_single_image image=&#8221;1155&#8243; img_size=&#8221;full&#8221;][\/vc_column][\/vc_row][vc_row][vc_column][vc_column_text] Immersioni [\/vc_column_text][vc_empty_space][vc_column_text] Balene, delfini, tartarughe e fondali marini&#8230; I fondali marini antistanti l&#8217;Eden Lodge offrono una ricchezza eccezionale che pu\u00f2 essere ammirata anche solo con una maschera e un boccaglio. Spesso basta osservare a occhio nudo per restare meravigliati: la zona intorno all&#8217;Eden Lodge \u00e8 un&#8217;area di passaggio durante [&hellip;]<\/p>\n","protected":false},"author":1,"featured_media":0,"parent":1516,"menu_order":20,"comment_status":"closed","ping_status":"closed","template":"","meta":{"footnotes":""},"class_list":["post-1623","page","type-page","status-publish","hentry"],"aioseo_notices":[],"_links":{"self":[{"href":"https:\/\/www.edenlodge.net\/it\/wp-json\/wp\/v2\/pages\/1623","targetHints":{"allow":["GET"]}}],"collection":[{"href":"https:\/\/www.edenlodge.net\/it\/wp-json\/wp\/v2\/pages"}],"about":[{"href":"https:\/\/www.edenlodge.net\/it\/wp-json\/wp\/v2\/types\/page"}],"author":[{"embeddable":true,"href":"https:\/\/www.edenlodge.net\/it\/wp-json\/wp\/v2\/users\/1"}],"replies":[{"embeddable":true,"href":"https:\/\/www.edenlodge.net\/it\/wp-json\/wp\/v2\/comments?post=1623"}],"version-history":[{"count":5,"href":"https:\/\/www.edenlodge.net\/it\/wp-json\/wp\/v2\/pages\/1623\/revisions"}],"predecessor-version":[{"id":1694,"href":"https:\/\/www.edenlodge.net\/it\/wp-json\/wp\/v2\/pages\/1623\/revisions\/1694"}],"up":[{"embeddable":true,"href":"https:\/\/www.edenlodge.net\/it\/wp-json\/wp\/v2\/pages\/1516"}],"wp:attachment":[{"href":"https:\/\/www.edenlodge.net\/it\/wp-json\/wp\/v2\/media?parent=1623"}],"curies":[{"name":"wp","href":"https:\/\/api.w.org\/{rel}","templated":true}]}}