{"id":1614,"date":"2022-05-24T15:48:59","date_gmt":"2022-05-24T13:48:59","guid":{"rendered":"https:\/\/www.edenlodge.net\/sitemada\/le-attivita\/baobab-beach\/"},"modified":"2022-07-11T18:18:27","modified_gmt":"2022-07-11T16:18:27","slug":"baobab-beach","status":"publish","type":"page","link":"https:\/\/www.edenlodge.net\/it\/le-attivita\/baobab-beach\/","title":{"rendered":"Baobab Beach"},"content":{"rendered":"<div class=\"wpb-content-wrapper\">[vc_row full_width=&#8221;stretch_row_content_no_spaces&#8221; css=&#8221;.vc_custom_1653988170712{background-position: center !important;background-repeat: no-repeat !important;background-size: cover !important;}&#8221;][vc_column][vc_single_image image=&#8221;815&#8243; img_size=&#8221;full&#8221;][\/vc_column][\/vc_row][vc_row][vc_column][vc_column_text]\n<h1 style=\"text-align: center;\">Baobab Beach<\/h1>\n[\/vc_column_text][vc_empty_space][\/vc_column][\/vc_row][vc_row gap=&#8221;30&#8243;][vc_column width=&#8221;2\/3&#8243;][vc_column_text]C&#8217;era una volta un albero, che era talmente orgoglioso rispetto alle altre specie vegetali e rispetto a Dio stesso, che quest&#8217;ultimo decise di punirlo&#8230; Perci\u00f2 egli lo prese, lo capovolse e lo piant\u00f2 a rovescio&#8230; Con la chioma sottoterra e le radici in aria, in modo ridicolo (racconto e leggenda).<\/p>\n<p>Il baobab \u00e8 un albero maestoso.\u00a0Dalla crescita estremamente lenta, il baobab germoglia dopo 2 anni e impiega 7 anni per raggiungere 50 cm di altezza. Pu\u00f2 vivere pi\u00f9 di 500 anni e, secondo quanto si dice, pu\u00f2 raggiungere i 2000 anni.<\/p>\n<p>Il Madagascar offre la particolarit\u00e0 di ospitare sul suo territorio 7 delle 8 specie recensite nel mondo. Si tratta del solo Paese a possederne cos\u00ec tante, poich\u00e9 6 delle 8 specie sono endemiche del Madagascar.<\/p>\n<p>I frutti del baobab sono commestibili e forniscono un succo acidulo ricco di vitamina C, calcio e fosforo. Quest&#8217;albero \u00e8 uno dei simboli dell&#8217;isola, nonch\u00e9 uno dei suoi paesaggi pi\u00f9 belli. Durante la stagione, all&#8217;Eden Lodge potrete gustare una delle nostre specialit\u00e0: il succo fresco di baobab; il sorbetto di baobab o il rum a base di frutto di baobab&#8230;<\/p>\n<p>23 magnifici baobab di tre specie diverse abitano il nostro territorio e, da soli, costituiscono un motivo sufficiente per visitare l&#8217;Eden Lodge: nell&#8217;arcipelago di Nosy Be non c&#8217;\u00e8 altro luogo dove potrete ammirare questi alberi.<\/p>\n<p>L\u2019Andansoniaza, l\u2019Andansoniamadagascariensis e l\u2019Andansoniadigitata sono presenti sulla spiaggia dell&#8217;Eden Lodge con esemplari magnifici, di pi\u00f9 di 700 anni. Ci\u00f2 rende questo sito ancora pi\u00f9 eccezionale[\/vc_column_text][\/vc_column][vc_column width=&#8221;1\/3&#8243;][vc_single_image image=&#8221;831&#8243; img_size=&#8221;full&#8221; alignment=&#8221;center&#8221;][\/vc_column][\/vc_row][vc_row][vc_column][vc_empty_space][\/vc_column][\/vc_row][vc_row][vc_column width=&#8221;1\/5&#8243;][vc_single_image image=&#8221;836&#8243; img_size=&#8221;full&#8221; alignment=&#8221;center&#8221;][\/vc_column][vc_column width=&#8221;1\/5&#8243;][vc_single_image image=&#8221;839&#8243; img_size=&#8221;full&#8221; alignment=&#8221;center&#8221;][\/vc_column][vc_column width=&#8221;1\/5&#8243;][vc_single_image image=&#8221;842&#8243; img_size=&#8221;full&#8221; alignment=&#8221;center&#8221;][\/vc_column][vc_column width=&#8221;1\/5&#8243;][vc_single_image image=&#8221;845&#8243; img_size=&#8221;full&#8221; alignment=&#8221;center&#8221;][\/vc_column][vc_column width=&#8221;1\/5&#8243;][vc_single_image image=&#8221;848&#8243; img_size=&#8221;full&#8221; alignment=&#8221;center&#8221;][\/vc_column][\/vc_row][vc_row][vc_column][vc_empty_space height=&#8221;52px&#8221;][vc_separator border_width=&#8221;2&#8243;][vc_empty_space height=&#8221;40px&#8221;][vc_column_text]\n<h1 style=\"text-align: center;\">Attivit\u00e0<\/h1>\n[\/vc_column_text][vc_empty_space height=&#8221;10px&#8221;][\/vc_column][\/vc_row][vc_row gap=&#8221;30&#8243;][vc_column width=&#8221;1\/3&#8243;][vc_column_text]\n<h2 style=\"text-align: center;\">Baobab Beach<\/h2>\n[\/vc_column_text][vc_empty_space height=&#8221;20px&#8221;][vc_single_image image=&#8221;810&#8243; img_size=&#8221;full&#8221; alignment=&#8221;center&#8221;][\/vc_column][vc_column width=&#8221;1\/3&#8243;][vc_column_text]\n<h2 style=\"text-align: center;\"><a title=\"La Restauration\" href=\"https:\/\/www.edenlodge.net\/it\/le-attivita\/la-ristorazione\/\">La Ristorazione<\/a><\/h2>\n[\/vc_column_text][vc_empty_space height=&#8221;20px&#8221;][vc_single_image image=&#8221;821&#8243; img_size=&#8221;full&#8221; alignment=&#8221;center&#8221; onclick=&#8221;custom_link&#8221; link=&#8221;https:\/\/www.edenlodge.net\/it\/le-attivita\/la-ristorazione\/&#8221;][\/vc_column][vc_column width=&#8221;1\/3&#8243;][vc_column_text]\n<h2 style=\"text-align: center;\"><a href=\"https:\/\/www.edenlodge.net\/it\/le-attivita\/immersioni\/\">Immersioni<\/a><\/h2>\n[\/vc_column_text][vc_empty_space height=&#8221;20px&#8221;][vc_single_image image=&#8221;825&#8243; img_size=&#8221;full&#8221; alignment=&#8221;center&#8221; onclick=&#8221;custom_link&#8221; link=&#8221;https:\/\/www.edenlodge.net\/it\/le-attivita\/immersioni\/&#8221;][\/vc_column][\/vc_row]\n<\/div>","protected":false},"excerpt":{"rendered":"<p>[vc_row full_width=&#8221;stretch_row_content_no_spaces&#8221; css=&#8221;.vc_custom_1653988170712{background-position: center !important;background-repeat: no-repeat !important;background-size: cover !important;}&#8221;][vc_column][vc_single_image image=&#8221;815&#8243; img_size=&#8221;full&#8221;][\/vc_column][\/vc_row][vc_row][vc_column][vc_column_text] Baobab Beach [\/vc_column_text][vc_empty_space][\/vc_column][\/vc_row][vc_row gap=&#8221;30&#8243;][vc_column width=&#8221;2\/3&#8243;][vc_column_text]C&#8217;era una volta un albero, che era talmente orgoglioso rispetto alle altre specie vegetali e rispetto a Dio stesso, che quest&#8217;ultimo decise di punirlo&#8230; Perci\u00f2 egli lo prese, lo capovolse e lo piant\u00f2 a rovescio&#8230; Con la chioma sottoterra e le radici in aria, in [&hellip;]<\/p>\n","protected":false},"author":1,"featured_media":0,"parent":1516,"menu_order":30,"comment_status":"closed","ping_status":"closed","template":"","meta":{"footnotes":""},"class_list":["post-1614","page","type-page","status-publish","hentry"],"aioseo_notices":[],"_links":{"self":[{"href":"https:\/\/www.edenlodge.net\/it\/wp-json\/wp\/v2\/pages\/1614","targetHints":{"allow":["GET"]}}],"collection":[{"href":"https:\/\/www.edenlodge.net\/it\/wp-json\/wp\/v2\/pages"}],"about":[{"href":"https:\/\/www.edenlodge.net\/it\/wp-json\/wp\/v2\/types\/page"}],"author":[{"embeddable":true,"href":"https:\/\/www.edenlodge.net\/it\/wp-json\/wp\/v2\/users\/1"}],"replies":[{"embeddable":true,"href":"https:\/\/www.edenlodge.net\/it\/wp-json\/wp\/v2\/comments?post=1614"}],"version-history":[{"count":5,"href":"https:\/\/www.edenlodge.net\/it\/wp-json\/wp\/v2\/pages\/1614\/revisions"}],"predecessor-version":[{"id":1693,"href":"https:\/\/www.edenlodge.net\/it\/wp-json\/wp\/v2\/pages\/1614\/revisions\/1693"}],"up":[{"embeddable":true,"href":"https:\/\/www.edenlodge.net\/it\/wp-json\/wp\/v2\/pages\/1516"}],"wp:attachment":[{"href":"https:\/\/www.edenlodge.net\/it\/wp-json\/wp\/v2\/media?parent=1614"}],"curies":[{"name":"wp","href":"https:\/\/api.w.org\/{rel}","templated":true}]}}