{"id":1651,"date":"2022-04-21T12:18:37","date_gmt":"2022-04-21T10:18:37","guid":{"rendered":"https:\/\/www.edenlodge.net\/sitemada\/mentions-legale\/"},"modified":"2022-07-08T12:50:08","modified_gmt":"2022-07-08T10:50:08","slug":"legal-notice","status":"publish","type":"page","link":"https:\/\/www.edenlodge.net\/en\/legal-notice\/","title":{"rendered":"Legal notice"},"content":{"rendered":"<div class=\"wpb-content-wrapper\">[vc_row][vc_column][vc_empty_space][vc_column_text]<strong>Legal notice<br \/>\r\n<\/strong><br \/>\r\nL\u2019\u00e9diteur du Site est la soci\u00e9t\u00e9 Hi-LIFE.<br \/>\r\nSoci\u00e9t\u00e9 \u00e0 responsabilit\u00e9 limit\u00e9e au capital de 41 161,00 \u20ac<br \/>\r\nImmatricul\u00e9e au Registre du commerce et des Soci\u00e9t\u00e9s de Paris sous le num\u00e9ro Paris B 390\u00a0123\u00a0560<br \/>\r\nSi\u00e8ge social : 175 Rue de Charonne 75011 Paris<br \/>\r\nEmail : <a href=\"mailto:direction@hi-life.fr\">direction@hi-life.fr<\/a><br \/>\r\nDirecteur de la publication: Yves Benouaich<br \/>\r\nR\u00e9alisation : <a href=\"https:\/\/www.philippewinckler.com\" target=\"_blank\" rel=\"noopener\">Philippe Winckler<\/a><\/p>\r\n<p>Le Site est h\u00e9berg\u00e9 par la soci\u00e9t\u00e9 OVH<br \/>\r\nSoci\u00e9t\u00e9 par actions simplifi\u00e9es au capital de 10 069 020\u20ac<br \/>\r\nImmatricul\u00e9e au Registre du commerce et des Soci\u00e9t\u00e9s de Lille<br \/>\r\nSi\u00e8ge social: 2 Rue Kellermann, 59100 Roubaix<\/p>\r\n[\/vc_column_text][vc_empty_space][\/vc_column][\/vc_row]\r\n<\/div>","protected":false},"excerpt":{"rendered":"<p>[vc_row][vc_column][vc_empty_space][vc_column_text]Legal notice L\u2019\u00e9diteur du Site est la soci\u00e9t\u00e9 Hi-LIFE. Soci\u00e9t\u00e9 \u00e0 responsabilit\u00e9 limit\u00e9e au capital de 41 161,00 \u20ac Immatricul\u00e9e au Registre du commerce et des Soci\u00e9t\u00e9s de Paris sous le num\u00e9ro Paris B 390\u00a0123\u00a0560 Si\u00e8ge social : 175 Rue de Charonne 75011 Paris Email : direction@hi-life.fr Directeur de la publication: Yves Benouaich R\u00e9alisation : Philippe Winckler Le Site est [&hellip;]<\/p>\n","protected":false},"author":1,"featured_media":0,"parent":0,"menu_order":80,"comment_status":"closed","ping_status":"closed","template":"","meta":{"footnotes":""},"class_list":["post-1651","page","type-page","status-publish","hentry"],"aioseo_notices":[],"_links":{"self":[{"href":"https:\/\/www.edenlodge.net\/en\/wp-json\/wp\/v2\/pages\/1651","targetHints":{"allow":["GET"]}}],"collection":[{"href":"https:\/\/www.edenlodge.net\/en\/wp-json\/wp\/v2\/pages"}],"about":[{"href":"https:\/\/www.edenlodge.net\/en\/wp-json\/wp\/v2\/types\/page"}],"author":[{"embeddable":true,"href":"https:\/\/www.edenlodge.net\/en\/wp-json\/wp\/v2\/users\/1"}],"replies":[{"embeddable":true,"href":"https:\/\/www.edenlodge.net\/en\/wp-json\/wp\/v2\/comments?post=1651"}],"version-history":[{"count":2,"href":"https:\/\/www.edenlodge.net\/en\/wp-json\/wp\/v2\/pages\/1651\/revisions"}],"predecessor-version":[{"id":1655,"href":"https:\/\/www.edenlodge.net\/en\/wp-json\/wp\/v2\/pages\/1651\/revisions\/1655"}],"wp:attachment":[{"href":"https:\/\/www.edenlodge.net\/en\/wp-json\/wp\/v2\/media?parent=1651"}],"curies":[{"name":"wp","href":"https:\/\/api.w.org\/{rel}","templated":true}]}}