{"id":1579,"date":"2022-05-24T15:33:58","date_gmt":"2022-05-24T13:33:58","guid":{"rendered":"https:\/\/www.edenlodge.net\/sitemada\/lesprit-eden-lodge\/tourisme-durable\/"},"modified":"2022-07-12T09:13:13","modified_gmt":"2022-07-12T07:13:13","slug":"sustainable-tourism","status":"publish","type":"page","link":"https:\/\/www.edenlodge.net\/en\/eden-lodge-spirit\/sustainable-tourism\/","title":{"rendered":"Sustainable tourism"},"content":{"rendered":"<div class=\"wpb-content-wrapper\">[vc_row full_width=&#8221;stretch_row_content_no_spaces&#8221; css=&#8221;.vc_custom_1653921852293{background-position: center !important;background-repeat: no-repeat !important;background-size: cover !important;}&#8221;][vc_column][vc_single_image image=&#8221;736&#8243; img_size=&#8221;full&#8221;][\/vc_column][\/vc_row][vc_row][vc_column][vc_column_text]\n<h1 style=\"text-align: center;\">Sustainable tourism<\/h1>\n[\/vc_column_text][vc_empty_space][vc_column_text]\n<h3 style=\"text-align: center;\">Schooling children with <a href=\"http:\/\/www.docenda.fr\/pages\/presentation.html\" target=\"_blank\" rel=\"noopener\">Docenda<\/a><\/h3>\n<p>This is our first commitment, which translates into a partnership since 2012 with the Docenda association, which has built a magnificent school welcoming more than 150 students from the neighboring villages of Eden Lodge. To visit during your stay&#8230;<\/p>\n<h3 style=\"text-align: center;\">Our other commitments to sustainable tourism:<\/h3>\n<p style=\"text-align: center;\">Eden Lodge Madagascar is a luxury eco-lodge, selected by ADEME as a pilot project for eco-tourism in Madagascar. Far from spectacular and publicized environmental measures, everything was originally conceived in an eco-friendly perspective with the local population in mind.<br \/>\nTo us, real luxury has nothing to do with the superfluous : it mostly means high quality service in a rare and long lasting environment.<\/p>\n[\/vc_column_text][vc_empty_space][vc_single_image image=&#8221;906&#8243; img_size=&#8221;full&#8221; alignment=&#8221;center&#8221;][vc_empty_space][vc_column_text]\n<p style=\"text-align: center;\">his is why Eden Lodge became the first Green Globe certified hotel in Madagascar, a guarantee of excellence in environmental management.<br \/>\nThe Green Globe certification has been renewed, each year, for more than ten years (Gold status).<\/p>\n[\/vc_column_text][vc_empty_space][vc_single_image image=&#8221;909&#8243; img_size=&#8221;full&#8221; alignment=&#8221;center&#8221;][vc_empty_space][vc_column_text]\n<h3 style=\"text-align: center;\">Water and water management<\/h3>\n<p style=\"text-align: center;\">L&#8217;eau, pr\u00e9sente dans le sous-sol des collines avoisinantes, est puis\u00e9e gr\u00e2ce \u00e0 deux pompes aliment\u00e9es par l&#8217;\u00e9nergie solaire, et r\u00e9cup\u00e9r\u00e9e dans une citerne de 10.000 litres, totalement herm\u00e9tique. Ce pr\u00e9l\u00e8vement, rapidement compens\u00e9 d\u00e8s la saison des pluies, permet l&#8217;alimentation de l&#8217;h\u00f4tel, et du village voisin.<\/p>\n<p style=\"text-align: center;\"><strong><u>Wastewater management<\/u><\/strong>: The lodges&#8217; wastewater is drained into sumps and filtered by coconut and dead coral. Instead of being rejected to the sea where it could damage the coral reef the water is used for gardening purposes. Wastewater from the laundry and dry cleaning service is managed in the same way. The honeycomb motif towels were chosen for their low water absorption thus allowing limited detergent use.<\/p>\n<h3 style=\"text-align: center;\">Recycling our garbage<\/h3>\n<p style=\"text-align: center;\"><strong><u>Waste management and recycling<\/u><\/strong>: Waste management is optimized at the lodge : we produce our compost from foodstuffs waste and recycle all we can : especially metal and plastic.<br \/>\nRecovered metal is turned into pots and pans, plastic bottles are transformed into place mats, glasses are recuperated&#8230;<br \/>\nWe transport non recyclable refuse to the Nosy Be dump.<\/p>\n<h3 style=\"text-align: center;\">Nature preservation<\/h3>\n<p style=\"text-align: center;\"><strong><u>Ecoconstruction and environment<\/u><\/strong>: Eden Lodge was exclusively built with local material (stone walls, local wood, ravinala roofs) thus preserving the site and limiting transportation of material. Transportations made mandatory where done by dhows therefore avoiding useless C02 emission.<br \/>\nEden lodge present every year a neutral carbon assessment.<\/p>\n<p style=\"text-align: center;\"><strong><u>Land and see fauna<\/u><\/strong>: Preserving the beauty of the site and its fauna is one of our primary objectives. We protect lemur colonies that are endangered today by their illegal capture and sale.<br \/>\nLikewise, near the lodge, we struggle against scuba hunting which threatens coral species as well as against all motorized water sports. In order to preserve the beautiful diversity of the coral reefs around the lodge these are regularly inspected by a marine biology specialist.<\/p>\n<p style=\"text-align: center;\"><strong><u>Foresty and flora<\/u><\/strong>: we know our site is unique. Our five hundred year old baobab trees planted on a dream-like beach are nowhere to be found on the Nosy Be archipelago or even Madagascar.<br \/>\nProtecting these majestic trees, symbol of Madagascar, by cherishing them in our gardens is one of our objectives. We have already been able to save two baobab trees that were slowly dying as a result of local customs, unfortunately as ancestral as inappropriate.<\/p>\n[\/vc_column_text][vc_empty_space][vc_row_inner gap=&#8221;20&#8243;][vc_column_inner width=&#8221;1\/3&#8243;][vc_single_image image=&#8221;917&#8243; img_size=&#8221;full&#8221; alignment=&#8221;center&#8221;][\/vc_column_inner][vc_column_inner width=&#8221;1\/3&#8243;][vc_single_image image=&#8221;920&#8243; img_size=&#8221;full&#8221; alignment=&#8221;center&#8221;][\/vc_column_inner][vc_column_inner width=&#8221;1\/3&#8243;][vc_single_image image=&#8221;923&#8243; img_size=&#8221;full&#8221; alignment=&#8221;center&#8221;][\/vc_column_inner][\/vc_row_inner][vc_empty_space][vc_column_text]\n<h3 style=\"text-align: center;\">Local economic influence<u><\/u><\/h3>\n<p style=\"text-align: center;\"><u><strong>Village development<\/strong>\u00a0<\/u>: every year, the villagers and ourselves determine a priority that we finance. We were able to relaunch in 2010, the school of a nearby village by financing the salary of a primary school teatcher. The construction of the second school in our village of Anjanojano ended in 2011. A well for the same village was inaugurated at the beginning of 2012, as well as the third school with Copiver, a company sponsor.<\/p>\n[\/vc_column_text][vc_empty_space][vc_row_inner gap=&#8221;20&#8243;][vc_column_inner width=&#8221;1\/3&#8243;][vc_single_image image=&#8221;933&#8243; img_size=&#8221;full&#8221; alignment=&#8221;center&#8221;][\/vc_column_inner][vc_column_inner width=&#8221;1\/3&#8243;][vc_single_image image=&#8221;926&#8243; img_size=&#8221;full&#8221; alignment=&#8221;center&#8221;][\/vc_column_inner][vc_column_inner width=&#8221;1\/3&#8243;][vc_single_image image=&#8221;929&#8243; img_size=&#8221;full&#8221; alignment=&#8221;center&#8221;][\/vc_column_inner][\/vc_row_inner][vc_empty_space][vc_column_text]\n<p style=\"text-align: center;\">Other projects are foreseen : a solar panel for lighting, etc&#8230;<br \/>\nRegular supplies arriving by boat greatly helps villagers who were otherwise totally isolated before.<br \/>\nRecruitment of staff members among the local population contributes to social wellbeing and balance.<\/p>\n<h3 style=\"text-align: center;\">Artisanal development<\/h3>\n<p style=\"text-align: center;\">&#8211; We buy fish produce from local villagers and contribute to rearing goats and poultry.<br \/>\n&#8211; We organize visits to neighbouring villages thus encouraging the development of artisanal and tourism linked activities.<\/p>\n<p style=\"text-align: center;\">We will also develop a collection of school supplies in France so our customers can take us on arrival at the lodge, notebooks, pencils, slates,<\/p>\n<p style=\"text-align: center;\">small non-school books, which are the event and fun for students. If you are interested, email us, we will provide material lists where you will choose your participation<\/p>\n<p style=\"text-align: center;\"><strong>1<sup>st<\/sup>\u00a0(and still one of the only) 100% solar powered in the world, Eden Lodge aims at being a model of ecological hotel as well in Madagascar as in the world.<br \/>\nExemplary being involve to be copied. But not equalled&#8230;<\/strong><\/p>\n[\/vc_column_text][vc_empty_space][vc_single_image image=&#8221;537&#8243; img_size=&#8221;full&#8221; alignment=&#8221;center&#8221;][\/vc_column][\/vc_row][vc_row full_width=&#8221;stretch_row_content_no_spaces&#8221; gap=&#8221;30&#8243; css=&#8221;.vc_custom_1657125230976{background-position: center !important;background-repeat: no-repeat !important;background-size: cover !important;}&#8221;][vc_column][vc_empty_space height=&#8221;52px&#8221;][vc_separator border_width=&#8221;2&#8243;][vc_empty_space height=&#8221;40px&#8221;][vc_column_text]\n<h1 style=\"text-align: center;\">Eden Lodge spirit<\/h1>\n[\/vc_column_text][vc_empty_space height=&#8221;10px&#8221;][\/vc_column][\/vc_row][vc_row][vc_column width=&#8221;1\/2&#8243;][vc_column_text]\n<h2 style=\"text-align: center;\">Sustainable tourism<\/h2>\n[\/vc_column_text][vc_empty_space height=&#8221;20px&#8221;][vc_single_image image=&#8221;1188&#8243; img_size=&#8221;full&#8221; alignment=&#8221;center&#8221;][\/vc_column][vc_column width=&#8221;1\/2&#8243;][vc_column_text]\n<h2 style=\"text-align: center;\"><a href=\"https:\/\/www.edenlodge.net\/en\/eden-lodge-spirit\/fauna-and-flora\/\">Fauna anf Flora<\/a><\/h2>\n[\/vc_column_text][vc_empty_space height=&#8221;20px&#8221;][vc_single_image image=&#8221;1191&#8243; img_size=&#8221;full&#8221; alignment=&#8221;center&#8221; onclick=&#8221;custom_link&#8221; link=&#8221;https:\/\/www.edenlodge.net\/en\/eden-lodge-spirit\/fauna-and-flora\/&#8221;][\/vc_column][\/vc_row]\n<\/div>","protected":false},"excerpt":{"rendered":"<p>[vc_row full_width=&#8221;stretch_row_content_no_spaces&#8221; css=&#8221;.vc_custom_1653921852293{background-position: center !important;background-repeat: no-repeat !important;background-size: cover !important;}&#8221;][vc_column][vc_single_image image=&#8221;736&#8243; img_size=&#8221;full&#8221;][\/vc_column][\/vc_row][vc_row][vc_column][vc_column_text] Sustainable tourism [\/vc_column_text][vc_empty_space][vc_column_text] Schooling children with Docenda This is our first commitment, which translates into a partnership since 2012 with the Docenda association, which has built a magnificent school welcoming more than 150 students from the neighboring villages of Eden Lodge. To visit during your stay&#8230; Our other commitments [&hellip;]<\/p>\n","protected":false},"author":1,"featured_media":0,"parent":1486,"menu_order":0,"comment_status":"closed","ping_status":"closed","template":"","meta":{"footnotes":""},"class_list":["post-1579","page","type-page","status-publish","hentry"],"aioseo_notices":[],"_links":{"self":[{"href":"https:\/\/www.edenlodge.net\/en\/wp-json\/wp\/v2\/pages\/1579","targetHints":{"allow":["GET"]}}],"collection":[{"href":"https:\/\/www.edenlodge.net\/en\/wp-json\/wp\/v2\/pages"}],"about":[{"href":"https:\/\/www.edenlodge.net\/en\/wp-json\/wp\/v2\/types\/page"}],"author":[{"embeddable":true,"href":"https:\/\/www.edenlodge.net\/en\/wp-json\/wp\/v2\/users\/1"}],"replies":[{"embeddable":true,"href":"https:\/\/www.edenlodge.net\/en\/wp-json\/wp\/v2\/comments?post=1579"}],"version-history":[{"count":8,"href":"https:\/\/www.edenlodge.net\/en\/wp-json\/wp\/v2\/pages\/1579\/revisions"}],"predecessor-version":[{"id":1713,"href":"https:\/\/www.edenlodge.net\/en\/wp-json\/wp\/v2\/pages\/1579\/revisions\/1713"}],"up":[{"embeddable":true,"href":"https:\/\/www.edenlodge.net\/en\/wp-json\/wp\/v2\/pages\/1486"}],"wp:attachment":[{"href":"https:\/\/www.edenlodge.net\/en\/wp-json\/wp\/v2\/media?parent=1579"}],"curies":[{"name":"wp","href":"https:\/\/api.w.org\/{rel}","templated":true}]}}